{"id":2,"date":"2011-07-19T12:27:22","date_gmt":"2011-07-19T12:27:22","guid":{"rendered":"https:\/\/www.katsujinken.nl\/?page_id=2"},"modified":"2013-06-10T14:38:40","modified_gmt":"2013-06-10T12:38:40","slug":"welkom","status":"publish","type":"page","link":"https:\/\/katsujinken.nl\/nl\/welkom\/","title":{"rendered":"Katsujinken"},"content":{"rendered":"<p><strong>Tenshin Sh\u00f4den Katori Shint\u00f4 Ry\u016b<\/strong> is de oudste nog bestaande krijgsschool van Japan. De technieken van deze stijl worden op traditionele wijze\u00a0overgedragen\u00a0door middel van kata\u2019s.<\/p>\n<p>In de\u00a0<strong>Katsujinken-dojo<\/strong>\u00a0trainen we: Kenjutsu (zwaardvechten), Iaijutsu (trekken van het zwaard en toeslaan), B\u00f4jutsu (lange stok), Naginatajutsu (hellebaard), Ry\u00f4t\u00f4 (twee zwaarden), Kodachi (kortzwaard) en Yari (speer).<\/p>","protected":false},"excerpt":{"rendered":"<p>Tenshin Sh\u00f4den Katori Shint\u00f4 Ry\u016b is de oudste nog bestaande krijgsschool van Japan. De technieken van deze stijl worden op traditionele wijze\u00a0overgedragen\u00a0door middel van kata\u2019s. In de\u00a0Katsujinken-dojo\u00a0trainen we: Kenjutsu (zwaardvechten), [&hellip;]<\/p>\n","protected":false},"author":1,"featured_media":0,"parent":0,"menu_order":0,"comment_status":"open","ping_status":"open","template":"","meta":{"footnotes":""},"class_list":["post-2","page","type-page","status-publish","hentry"],"_links":{"self":[{"href":"https:\/\/katsujinken.nl\/nl\/wp-json\/wp\/v2\/pages\/2","targetHints":{"allow":["GET"]}}],"collection":[{"href":"https:\/\/katsujinken.nl\/nl\/wp-json\/wp\/v2\/pages"}],"about":[{"href":"https:\/\/katsujinken.nl\/nl\/wp-json\/wp\/v2\/types\/page"}],"author":[{"embeddable":true,"href":"https:\/\/katsujinken.nl\/nl\/wp-json\/wp\/v2\/users\/1"}],"replies":[{"embeddable":true,"href":"https:\/\/katsujinken.nl\/nl\/wp-json\/wp\/v2\/comments?post=2"}],"version-history":[{"count":11,"href":"https:\/\/katsujinken.nl\/nl\/wp-json\/wp\/v2\/pages\/2\/revisions"}],"predecessor-version":[{"id":9,"href":"https:\/\/katsujinken.nl\/nl\/wp-json\/wp\/v2\/pages\/2\/revisions\/9"}],"wp:attachment":[{"href":"https:\/\/katsujinken.nl\/nl\/wp-json\/wp\/v2\/media?parent=2"}],"curies":[{"name":"wp","href":"https:\/\/api.w.org\/{rel}","templated":true}]}}